{"id":923,"date":"2019-09-25T16:31:42","date_gmt":"2019-09-25T13:31:42","guid":{"rendered":"http:\/\/www.smwm.mg\/?page_id=923"},"modified":"2023-07-05T22:51:26","modified_gmt":"2023-07-05T19:51:26","slug":"a-propos-2","status":"publish","type":"page","link":"https:\/\/www.smwm.mg\/en\/a-propos-2\/","title":{"rendered":"About"},"content":{"rendered":"<div data-elementor-type=\"wp-page\" data-elementor-id=\"923\" class=\"elementor elementor-923\" data-elementor-settings=\"[]\">\n\t\t\t<div class=\"elementor-inner\">\n\t\t\t\t<div class=\"elementor-section-wrap\">\n\t\t\t\t\t\t\t<section class=\"elementor-element elementor-element-9f0cbb6 elementor-section-boxed elementor-section-height-default elementor-section-height-default elementor-section elementor-top-section\" data-id=\"9f0cbb6\" data-element_type=\"section\">\n\t\t\t\t\t\t<div class=\"elementor-container elementor-column-gap-default\">\n\t\t\t\t<div class=\"elementor-row\">\n\t\t\t\t<div class=\"elementor-element elementor-element-58db88e elementor-column elementor-col-100 elementor-top-column\" data-id=\"58db88e\" data-element_type=\"column\">\n\t\t\t<div class=\"elementor-column-wrap  elementor-element-populated\">\n\t\t\t\t\t<div class=\"elementor-widget-wrap\">\n\t\t\t\t<div class=\"elementor-element elementor-element-fc8427e elementor-widget elementor-widget-spacer\" data-id=\"fc8427e\" data-element_type=\"widget\" data-widget_type=\"spacer.default\">\n\t\t\t\t<div class=\"elementor-widget-container\">\n\t\t\t\t\t<div class=\"elementor-spacer\">\n\t\t\t<div class=\"elementor-spacer-inner\"><\/div>\n\t\t<\/div>\n\t\t\t\t<\/div>\n\t\t\t\t<\/div>\n\t\t\t\t<div class=\"elementor-element elementor-element-f5dba13 elementor-invisible elementor-widget elementor-widget-heading\" data-id=\"f5dba13\" data-element_type=\"widget\" data-settings=\"{&quot;_animation&quot;:&quot;fadeInDown&quot;}\" data-widget_type=\"heading.default\">\n\t\t\t\t<div class=\"elementor-widget-container\">\n\t\t\t<h2 class=\"elementor-heading-title elementor-size-default\">\u00e0 propos<\/h2>\t\t<\/div>\n\t\t\t\t<\/div>\n\t\t\t\t<div class=\"elementor-element elementor-element-b82fbc9 elementor-widget elementor-widget-heading\" data-id=\"b82fbc9\" data-element_type=\"widget\" data-widget_type=\"heading.default\">\n\t\t\t\t<div class=\"elementor-widget-container\">\n\t\t\t<h2 class=\"elementor-heading-title elementor-size-default\">de social media watchdog madagascar<\/h2>\t\t<\/div>\n\t\t\t\t<\/div>\n\t\t\t\t<div class=\"elementor-element elementor-element-02640bf elementor-drop-cap-yes elementor-drop-cap-view-stacked elementor-invisible elementor-widget elementor-widget-text-editor\" data-id=\"02640bf\" data-element_type=\"widget\" data-settings=\"{&quot;drop_cap&quot;:&quot;yes&quot;,&quot;_animation&quot;:&quot;fadeInUp&quot;}\" data-widget_type=\"text-editor.default\">\n\t\t\t\t<div class=\"elementor-widget-container\">\n\t\t\t\t\t<div class=\"elementor-text-editor elementor-clearfix\"><p>Au cours de la derni\u00e8re d\u00e9cennie, l&rsquo;utilisation des r\u00e9seaux sociaux a connu une croissance consid\u00e9rable \u00e0 Madagascar. Parmi les diff\u00e9rents types de plateformes, Facebook est de loin le plus populaire et le plus utilis\u00e9 \u00e0 Madagascar, comptant plus de 1 400 000 utilisateurs selon les statistiques de Facebook Ads. Les r\u00e9seaux sociaux ont pour principale raison d&rsquo;\u00eatre de connecter les utilisateurs, de leur offrir la possibilit\u00e9 d&rsquo;interagir et de rester en contact dans divers domaines, peu importe la distance et \u00e0 moindre co\u00fbt. La plupart des op\u00e9rateurs de t\u00e9l\u00e9phonie mobile \u00e0 Madagascar proposent d\u00e9sormais un acc\u00e8s gratuit et illimit\u00e9 \u00e0 Facebook, facilitant ainsi les discussions, les messages et le partage sur le r\u00e9seau. De plus, Facebook est devenu un outil de marketing et de vente en ligne avec diff\u00e9rents groupes d\u00e9di\u00e9s aux ventes et des pages sponsoris\u00e9es.<\/p><p>\u00a0<\/p><p>Cependant, comme toute m\u00e9daille a son revers, nous avons \u00e9galement \u00e9t\u00e9 confront\u00e9s ces derniers temps \u00e0 certains aspects n\u00e9gatifs. Nous avons tous \u00e9t\u00e9 t\u00e9moins des exc\u00e8s dans l&rsquo;utilisation de Facebook dans notre pays. Des histoires ont fait la une \u00e0 propos du r\u00e9seau social, telles que l&rsquo;affaire de la \u00ab\u00a0famille Kanijah\u00a0\u00bb, qui a r\u00e9v\u00e9l\u00e9 un r\u00e9seau de p\u00e9dophilie apr\u00e8s une enqu\u00eate. L&rsquo;affaire Hiary Rapanoelina a mis en \u00e9vidence le r\u00f4le des r\u00e9seaux sociaux en tant que m\u00e9dias sociaux et leurs impacts sur la vie politique et socio-\u00e9conomique de Madagascar. Cette affaire a conduit \u00e0 la condamnation de M. Rapanoelina pour diffamation et atteinte \u00e0 la vie priv\u00e9e, car il \u00e9tait administrateur d&rsquo;un groupe de discussion sur Facebook qui a d\u00e9rap\u00e9 et est devenu une plateforme pour les discours haineux. Plus r\u00e9cemment, une rumeur sur l&rsquo;effondrement du tunnel d&rsquo;Ambanidia a provoqu\u00e9 la panique et a conduit \u00e0 l&rsquo;arrestation de l&rsquo;auteur de la rumeur pour trouble \u00e0 l&rsquo;ordre public.<\/p><p>\u00a0<\/p><p>C&rsquo;est cette augmentation rapide des m\u00e9dias sociaux et les probl\u00e8mes associ\u00e9s que nous ont amen\u00e9s \u00e0 r\u00e9fl\u00e9chir \u00e0 la cr\u00e9ation de Social Media Watchdog Madagascar. Notre premi\u00e8re mission est de cr\u00e9er une communaut\u00e9 en ligne saine et paisible&#8230; pour une meilleure communaut\u00e9 en ligne.<\/p><p>\u00a0<\/p><p>Pour accomplir cette mission, voici les actions que nous entreprenons :<\/p><p>\u00a0<\/p><p>&#8211; Organiser des conf\u00e9rences, des ateliers et des formations.<\/p><p>&#8211; Suivre l&rsquo;impact des m\u00e9dias sociaux sur la soci\u00e9t\u00e9 malgache<\/p><p>&#8211; \u00c9laborer une campagne de sensibilisation et de mobilisation.<\/p><p>&#8211; Former les jeunes \u00e0 l&rsquo;utilisation des outils informatiques.<\/p><p>&#8211; Mobiliser la population \u00e0 une utilisation et un usage responsables des m\u00e9dias sociaux<\/p><p>&#8211; \u00c9tablir des partenariats avec d&rsquo;autres entit\u00e9s intervenant dans le m\u00eame domaine.<\/p><p>&#8211; Partager les enjeux des m\u00e9dias sociaux avec la communaut\u00e9.<\/p><p>&#8211; Contribuer \u00e0 l&rsquo;\u00e9ducation aux m\u00e9dias (sociaux).<\/p><p>&#8211; Effectuer une veille informationnelle (Social Media Monitoring).<\/p><p>\u00a0<\/p><p>Nous sommes d\u00e9termin\u00e9s \u00e0 promouvoir un environnement en ligne plus s\u00fbr et plus responsable \u00e0 Madagascar, o\u00f9 les utilisateurs peuvent interagir de mani\u00e8re constructive et respectueuse. Rejoignez-nous dans cette mission pour fa\u00e7onner un avenir meilleur pour notre communaut\u00e9 en ligne.<\/p><\/div>\n\t\t\t\t<\/div>\n\t\t\t\t<\/div>\n\t\t\t\t\t\t<\/div>\n\t\t\t<\/div>\n\t\t<\/div>\n\t\t\t\t\t\t<\/div>\n\t\t\t<\/div>\n\t\t<\/section>\n\t\t\t\t\t\t<\/div>\n\t\t\t<\/div>\n\t\t<\/div>","protected":false},"excerpt":{"rendered":"<p>\u00e0 propos de social media watchdog madagascar Au cours de la derni\u00e8re d\u00e9cennie, l&rsquo;utilisation des r\u00e9seaux sociaux a connu une croissance consid\u00e9rable \u00e0 Madagascar. Parmi les diff\u00e9rents types de plateformes, Facebook est de loin le plus populaire et le plus utilis\u00e9 \u00e0 Madagascar, comptant plus de 1 400 000 utilisateurs selon les statistiques de Facebook [&hellip;]<\/p>","protected":false},"author":4,"featured_media":0,"parent":0,"menu_order":0,"comment_status":"closed","ping_status":"closed","template":"","meta":[],"_links":{"self":[{"href":"https:\/\/www.smwm.mg\/en\/wp-json\/wp\/v2\/pages\/923"}],"collection":[{"href":"https:\/\/www.smwm.mg\/en\/wp-json\/wp\/v2\/pages"}],"about":[{"href":"https:\/\/www.smwm.mg\/en\/wp-json\/wp\/v2\/types\/page"}],"author":[{"embeddable":true,"href":"https:\/\/www.smwm.mg\/en\/wp-json\/wp\/v2\/users\/4"}],"replies":[{"embeddable":true,"href":"https:\/\/www.smwm.mg\/en\/wp-json\/wp\/v2\/comments?post=923"}],"version-history":[{"count":9,"href":"https:\/\/www.smwm.mg\/en\/wp-json\/wp\/v2\/pages\/923\/revisions"}],"predecessor-version":[{"id":1234,"href":"https:\/\/www.smwm.mg\/en\/wp-json\/wp\/v2\/pages\/923\/revisions\/1234"}],"wp:attachment":[{"href":"https:\/\/www.smwm.mg\/en\/wp-json\/wp\/v2\/media?parent=923"}],"curies":[{"name":"wp","href":"https:\/\/api.w.org\/{rel}","templated":true}]}}